{"id":2147,"date":"2024-03-27T09:20:08","date_gmt":"2024-03-27T09:20:08","guid":{"rendered":"https:\/\/nekr.cz\/?post_type=product&#038;p=2147"},"modified":"2024-03-27T11:33:20","modified_gmt":"2024-03-27T11:33:20","slug":"lopata-s-pridrzovacem","status":"publish","type":"product","link":"https:\/\/nekr.cz\/de\/produkt\/lopata-s-pridrzovacem\/","title":{"rendered":"Lopata s p\u0159idr\u017eova\u010dem"},"content":{"rendered":"","protected":false},"excerpt":{"rendered":"","protected":false},"featured_media":2157,"comment_status":"closed","ping_status":"closed","template":"","meta":{"_acf_changed":false},"product_brand":[],"product_cat":[25],"product_tag":[],"class_list":{"0":"post-2147","1":"product","2":"type-product","3":"status-publish","4":"has-post-thumbnail","6":"product_cat-lopaty-na-nakladace","8":"first","9":"instock","10":"shipping-taxable","11":"product-type-simple"},"acf":[],"_links":{"self":[{"href":"https:\/\/nekr.cz\/de\/wp-json\/wp\/v2\/product\/2147","targetHints":{"allow":["GET"]}}],"collection":[{"href":"https:\/\/nekr.cz\/de\/wp-json\/wp\/v2\/product"}],"about":[{"href":"https:\/\/nekr.cz\/de\/wp-json\/wp\/v2\/types\/product"}],"replies":[{"embeddable":true,"href":"https:\/\/nekr.cz\/de\/wp-json\/wp\/v2\/comments?post=2147"}],"wp:featuredmedia":[{"embeddable":true,"href":"https:\/\/nekr.cz\/de\/wp-json\/wp\/v2\/media\/2157"}],"wp:attachment":[{"href":"https:\/\/nekr.cz\/de\/wp-json\/wp\/v2\/media?parent=2147"}],"wp:term":[{"taxonomy":"product_brand","embeddable":true,"href":"https:\/\/nekr.cz\/de\/wp-json\/wp\/v2\/product_brand?post=2147"},{"taxonomy":"product_cat","embeddable":true,"href":"https:\/\/nekr.cz\/de\/wp-json\/wp\/v2\/product_cat?post=2147"},{"taxonomy":"product_tag","embeddable":true,"href":"https:\/\/nekr.cz\/de\/wp-json\/wp\/v2\/product_tag?post=2147"}],"curies":[{"name":"wp","href":"https:\/\/api.w.org\/{rel}","templated":true}]}}