{"id":2114,"date":"2024-03-26T13:04:36","date_gmt":"2024-03-26T13:04:36","guid":{"rendered":"https:\/\/nekr.cz\/?post_type=product&#038;p=2114"},"modified":"2024-08-30T13:19:35","modified_gmt":"2024-08-30T13:19:35","slug":"lopata-profilova","status":"publish","type":"product","link":"https:\/\/nekr.cz\/de\/produkt\/lopata-profilova\/","title":{"rendered":"Lopata profilov\u00e1"},"content":{"rendered":"","protected":false},"excerpt":{"rendered":"<p>Profilov\u00e9 lopaty se pou\u017e\u00edvaj\u00ed pro hlouben\u00ed p\u0159\u00edkop\u016f a profilov\u00fdch dr\u00e1\u017eek p\u0159ev\u00e1\u017en\u011b lichob\u011b\u017en\u00edkov\u00e9ho tvaru a \u00fapravu b\u0159eh\u016f.<br \/>\nVelikost nosi\u010de 3,5 a\u017e 70 t.<\/p>","protected":false},"featured_media":2126,"comment_status":"closed","ping_status":"closed","template":"","meta":{"_acf_changed":false},"product_brand":[],"product_cat":[24],"product_tag":[93,109],"class_list":{"0":"post-2114","1":"product","2":"type-product","3":"status-publish","4":"has-post-thumbnail","6":"product_cat-lopaty-na-bagry","7":"product_tag-lopata","8":"product_tag-profilova-lopata","10":"first","11":"instock","12":"shipping-taxable","13":"product-type-simple"},"acf":[],"_links":{"self":[{"href":"https:\/\/nekr.cz\/de\/wp-json\/wp\/v2\/product\/2114","targetHints":{"allow":["GET"]}}],"collection":[{"href":"https:\/\/nekr.cz\/de\/wp-json\/wp\/v2\/product"}],"about":[{"href":"https:\/\/nekr.cz\/de\/wp-json\/wp\/v2\/types\/product"}],"replies":[{"embeddable":true,"href":"https:\/\/nekr.cz\/de\/wp-json\/wp\/v2\/comments?post=2114"}],"wp:featuredmedia":[{"embeddable":true,"href":"https:\/\/nekr.cz\/de\/wp-json\/wp\/v2\/media\/2126"}],"wp:attachment":[{"href":"https:\/\/nekr.cz\/de\/wp-json\/wp\/v2\/media?parent=2114"}],"wp:term":[{"taxonomy":"product_brand","embeddable":true,"href":"https:\/\/nekr.cz\/de\/wp-json\/wp\/v2\/product_brand?post=2114"},{"taxonomy":"product_cat","embeddable":true,"href":"https:\/\/nekr.cz\/de\/wp-json\/wp\/v2\/product_cat?post=2114"},{"taxonomy":"product_tag","embeddable":true,"href":"https:\/\/nekr.cz\/de\/wp-json\/wp\/v2\/product_tag?post=2114"}],"curies":[{"name":"wp","href":"https:\/\/api.w.org\/{rel}","templated":true}]}}