{"id":2108,"date":"2024-03-26T13:01:49","date_gmt":"2024-03-26T13:01:49","guid":{"rendered":"https:\/\/nekr.cz\/?post_type=product&#038;p=2108"},"modified":"2024-08-30T13:20:55","modified_gmt":"2024-08-30T13:20:55","slug":"lopata-drenazni","status":"publish","type":"product","link":"https:\/\/nekr.cz\/de\/produkt\/lopata-drenazni\/","title":{"rendered":"Lopata dren\u00e1\u017en\u00ed"},"content":{"rendered":"<p>Podkopov\u00e1 lopata dren\u00e1\u017en\u00ed je ur\u010dena k prov\u00e1d\u011bn\u00ed v\u00fdkop\u016f pro pokl\u00e1dku trubek a kabel\u016f. Velikost nosi\u010de 1,1 a\u017e 40 t.<\/p>","protected":false},"excerpt":{"rendered":"<p>Podkopov\u00e1 lopata dren\u00e1\u017en\u00ed je ur\u010dena k prov\u00e1d\u011bn\u00ed v\u00fdkop\u016f pro pokl\u00e1dku trubek a kabel\u016f. Velikost nosi\u010de 1,1 a\u017e 40 t.<\/p>","protected":false},"featured_media":2122,"comment_status":"closed","ping_status":"closed","template":"","meta":{"_acf_changed":false},"product_brand":[],"product_cat":[24],"product_tag":[107,108],"class_list":{"0":"post-2108","1":"product","2":"type-product","3":"status-publish","4":"has-post-thumbnail","6":"product_cat-lopaty-na-bagry","7":"product_tag-podkopova-lopata","8":"product_tag-podkopova-lopata-drenazni","10":"first","11":"instock","12":"shipping-taxable","13":"product-type-simple"},"acf":[],"_links":{"self":[{"href":"https:\/\/nekr.cz\/de\/wp-json\/wp\/v2\/product\/2108","targetHints":{"allow":["GET"]}}],"collection":[{"href":"https:\/\/nekr.cz\/de\/wp-json\/wp\/v2\/product"}],"about":[{"href":"https:\/\/nekr.cz\/de\/wp-json\/wp\/v2\/types\/product"}],"replies":[{"embeddable":true,"href":"https:\/\/nekr.cz\/de\/wp-json\/wp\/v2\/comments?post=2108"}],"wp:featuredmedia":[{"embeddable":true,"href":"https:\/\/nekr.cz\/de\/wp-json\/wp\/v2\/media\/2122"}],"wp:attachment":[{"href":"https:\/\/nekr.cz\/de\/wp-json\/wp\/v2\/media?parent=2108"}],"wp:term":[{"taxonomy":"product_brand","embeddable":true,"href":"https:\/\/nekr.cz\/de\/wp-json\/wp\/v2\/product_brand?post=2108"},{"taxonomy":"product_cat","embeddable":true,"href":"https:\/\/nekr.cz\/de\/wp-json\/wp\/v2\/product_cat?post=2108"},{"taxonomy":"product_tag","embeddable":true,"href":"https:\/\/nekr.cz\/de\/wp-json\/wp\/v2\/product_tag?post=2108"}],"curies":[{"name":"wp","href":"https:\/\/api.w.org\/{rel}","templated":true}]}}