{"id":2062,"date":"2024-03-25T09:21:53","date_gmt":"2024-03-25T09:21:53","guid":{"rendered":"https:\/\/nekr.cz\/?post_type=product&#038;p=2062"},"modified":"2024-08-16T08:27:18","modified_gmt":"2024-08-16T08:27:18","slug":"rotacni-hlavy-ro10-2","status":"publish","type":"product","link":"https:\/\/nekr.cz\/de\/produkt\/rotacni-hlavy-ro10-2\/","title":{"rendered":"Rota\u010dn\u00ed hlava RO10 (9-12 t)"},"content":{"rendered":"<p>U rota\u010dn\u00edch rychloup\u00edna\u010d\u016f je pou\u017eita stejn\u00e1 oto\u010d jako u na\u0161ich nakl\u00e1p\u011bc\u00edch rot\u00e1tor\u016f stejn\u00e9 v\u00e1hov\u00e9 kategorie. D\u00edky absenci nakl\u00e1p\u011bn\u00ed je rota\u010dn\u00ed rychloup\u00edna\u010d ni\u017e\u0161\u00ed ne\u017e nakl\u00e1p\u011bc\u00ed rot\u00e1tor a p\u0159esto je s n\u00edm mo\u017en\u00e9 ud\u011blat v\u011bt\u0161inu \u010dinnost\u00ed, v\u010detn\u011b svahov\u00e1n\u00ed.<\/p>\n<p>&nbsp;<\/p>\n<p>Horn\u00ed up\u00edn\u00e1n\u00ed vyrob\u00edme podle Va\u0161eho stroje.<\/p>\n<p>Spodn\u00ed rychlup\u00edna\u010d m\u016f\u017ee b\u00fdt hydraulick\u00fd nebo mechanick\u00fd.<\/p>\n<p>&nbsp;<\/p>\n<p>Tak\u00e9 nakl\u00e1p\u011bc\u00ed rot\u00e1tor m\u016f\u017eeme vybavit jedn\u00edm pr\u016fchoz\u00edm hydraulick\u00fdm okruhem vyveden\u00fdm na spodn\u00edm rychloup\u00edna\u010di bez\u00fakapov\u00fdmi rychlospojkami velikosti 1\/2&#8243;.<\/p>","protected":false},"excerpt":{"rendered":"<p>Rota\u010dn\u00ed hlavy urychluj\u00ed a zefektiv\u0148uj\u00ed pr\u00e1ci strojn\u00edka a t\u00edm zvy\u0161uj\u00ed produktivitu stroje o 15 \u2013 40% v z\u00e1vislosti na pou\u017eit\u00e9 specifikaci r\u00fdpadla a p\u0159\u00eddavn\u00fdch za\u0159\u00edzen\u00ed.<\/p>\n<p>&nbsp;<\/p>\n<p>Rota\u010dn\u00ed hlava RO 10 pro bagry od 9 do 12 tun s rotac\u00ed 360\u00b0<\/p>","protected":false},"featured_media":2063,"comment_status":"closed","ping_status":"closed","template":"","meta":{"_acf_changed":false},"product_brand":[],"product_cat":[21],"product_tag":[],"class_list":{"0":"post-2062","1":"product","2":"type-product","3":"status-publish","4":"has-post-thumbnail","6":"product_cat-rotacni-hlavy","8":"first","9":"instock","10":"shipping-taxable","11":"product-type-simple"},"acf":[],"_links":{"self":[{"href":"https:\/\/nekr.cz\/de\/wp-json\/wp\/v2\/product\/2062","targetHints":{"allow":["GET"]}}],"collection":[{"href":"https:\/\/nekr.cz\/de\/wp-json\/wp\/v2\/product"}],"about":[{"href":"https:\/\/nekr.cz\/de\/wp-json\/wp\/v2\/types\/product"}],"replies":[{"embeddable":true,"href":"https:\/\/nekr.cz\/de\/wp-json\/wp\/v2\/comments?post=2062"}],"wp:featuredmedia":[{"embeddable":true,"href":"https:\/\/nekr.cz\/de\/wp-json\/wp\/v2\/media\/2063"}],"wp:attachment":[{"href":"https:\/\/nekr.cz\/de\/wp-json\/wp\/v2\/media?parent=2062"}],"wp:term":[{"taxonomy":"product_brand","embeddable":true,"href":"https:\/\/nekr.cz\/de\/wp-json\/wp\/v2\/product_brand?post=2062"},{"taxonomy":"product_cat","embeddable":true,"href":"https:\/\/nekr.cz\/de\/wp-json\/wp\/v2\/product_cat?post=2062"},{"taxonomy":"product_tag","embeddable":true,"href":"https:\/\/nekr.cz\/de\/wp-json\/wp\/v2\/product_tag?post=2062"}],"curies":[{"name":"wp","href":"https:\/\/api.w.org\/{rel}","templated":true}]}}