{"id":2051,"date":"2024-03-25T07:56:36","date_gmt":"2024-03-25T07:56:36","guid":{"rendered":"https:\/\/nekr.cz\/?post_type=product&#038;p=2051"},"modified":"2024-08-16T08:33:05","modified_gmt":"2024-08-16T08:33:05","slug":"naklapeci-hlavy-2-x-50","status":"publish","type":"product","link":"https:\/\/nekr.cz\/de\/produkt\/naklapeci-hlavy-2-x-50\/","title":{"rendered":"Nakl\u00e1p\u011bc\u00ed hlavy 2 x 50\u00b0"},"content":{"rendered":"","protected":false},"excerpt":{"rendered":"<p>Nakl\u00e1p\u011bc\u00ed rychloup\u00edna\u010de umo\u017e\u0148uj\u00ed n\u00e1klon pracovn\u00edho za\u0159\u00edzen\u00ed, nap\u0159\u00edklad lopaty. D\u00edky tomu je mo\u017en\u00e9 dos\u00e1hnout na m\u00edsta, kam by se s b\u011b\u017enou lopatou nedos\u00e1hlo.<\/p>","protected":false},"featured_media":2060,"comment_status":"closed","ping_status":"closed","template":"","meta":{"_acf_changed":false},"product_brand":[],"product_cat":[20],"product_tag":[],"class_list":{"0":"post-2051","1":"product","2":"type-product","3":"status-publish","4":"has-post-thumbnail","6":"product_cat-naklapeci-hlavy","8":"first","9":"instock","10":"shipping-taxable","11":"product-type-simple"},"acf":[],"_links":{"self":[{"href":"https:\/\/nekr.cz\/de\/wp-json\/wp\/v2\/product\/2051","targetHints":{"allow":["GET"]}}],"collection":[{"href":"https:\/\/nekr.cz\/de\/wp-json\/wp\/v2\/product"}],"about":[{"href":"https:\/\/nekr.cz\/de\/wp-json\/wp\/v2\/types\/product"}],"replies":[{"embeddable":true,"href":"https:\/\/nekr.cz\/de\/wp-json\/wp\/v2\/comments?post=2051"}],"wp:featuredmedia":[{"embeddable":true,"href":"https:\/\/nekr.cz\/de\/wp-json\/wp\/v2\/media\/2060"}],"wp:attachment":[{"href":"https:\/\/nekr.cz\/de\/wp-json\/wp\/v2\/media?parent=2051"}],"wp:term":[{"taxonomy":"product_brand","embeddable":true,"href":"https:\/\/nekr.cz\/de\/wp-json\/wp\/v2\/product_brand?post=2051"},{"taxonomy":"product_cat","embeddable":true,"href":"https:\/\/nekr.cz\/de\/wp-json\/wp\/v2\/product_cat?post=2051"},{"taxonomy":"product_tag","embeddable":true,"href":"https:\/\/nekr.cz\/de\/wp-json\/wp\/v2\/product_tag?post=2051"}],"curies":[{"name":"wp","href":"https:\/\/api.w.org\/{rel}","templated":true}]}}