{"id":1688,"date":"2024-03-01T11:32:51","date_gmt":"2024-03-01T11:32:51","guid":{"rendered":"https:\/\/nekr.cz\/?post_type=product&#038;p=1688"},"modified":"2024-08-15T06:40:38","modified_gmt":"2024-08-15T06:40:38","slug":"rychloupinace-na-bagry-mechanicke","status":"publish","type":"product","link":"https:\/\/nekr.cz\/de\/produkt\/rychloupinace-na-bagry-mechanicke\/","title":{"rendered":"Rychloup\u00edna\u010d mechanick\u00fd"},"content":{"rendered":"<p>P\u0159i konstrukci na\u0161ich rychloup\u00edna\u010d\u016f vych\u00e1z\u00edme z kinematiky dan\u00e9ho stroje tak, abychom dodr\u017eeli \u00fahly a rozsahy pohybu p\u0159\u00eddavn\u00e9ho za\u0159\u00edzen\u00ed. V\u00fdhodou na\u0161ich rychloup\u00edna\u010d\u016f je to, \u017ee maj\u00ed stejn\u00e9 rozte\u010de i pr\u016fm\u011bry \u010dep\u016f na stran\u011b stroje i p\u0159\u00eddavn\u00e9ho za\u0159\u00edzen\u00ed, tak\u017ee je mo\u017en\u00e9 stejn\u00e9 lopaty provozovat s rychloup\u00edna\u010dem i bez rychloup\u00edna\u010de. Tak\u00e9 vyr\u00e1b\u00edme rychloup\u00edna\u010de reduk\u010dn\u00ed (pokud m\u00e1te v\u00edce r\u016fzn\u00fdch stroj\u016f a chcete pou\u017e\u00edvat stejn\u00e9 n\u00e1\u0159ad\u00ed)<\/p>\n<p>&nbsp;<\/p>\n<p><strong>Standardn\u00ed proveden\u00ed:<\/strong><\/p>\n<ul>\n<li>tuh\u00e9 konstrukce<\/li>\n<li>konstrukce up\u00ednac\u00edho mechanismu navr\u017eena tak, aby\u00a0se i p\u0159i opot\u0159eben\u00ed\u00a0vymezovaly v\u016fle<\/li>\n<li>robustn\u00edm \u0161roubov\u00fdm mechanismem, zaji\u0161\u0165uj\u00edc\u00edm bezpe\u010dn\u00e9 upnut\u00ed pracovn\u00edho n\u00e1stroje<\/li>\n<li>u rychloup\u00edna\u010d\u016f na men\u0161\u00ed bagry je zaji\u0161\u0165ovac\u00ed s\u00edla vyv\u00edjena pru\u017einou<\/li>\n<li>k mechanismu je dod\u00e1v\u00e1na klika nebo r\u00e1\u010dna\u00a0s \u0161estihranem\u00a0(podle velikosti rychloup\u00edna\u010de)<\/li>\n<li>zaji\u0161t\u011bny mechanick\u00fdm zaji\u0161\u0165ovac\u00edm \u010depem<\/li>\n<\/ul>\n<p>&nbsp;<\/p>\n<p><strong>Na vy\u017e\u00e1d\u00e1n\u00ed:<\/strong><\/p>\n<ul>\n<li>zes\u00edlen\u00ed pro provoz hydraulick\u00e9ho kladiva<\/li>\n<li>mo\u017eno vybavit z\u00e1v\u011bsn\u00fdm okem nebo zvedac\u00edm h\u00e1kem<\/li>\n<\/ul>","protected":false},"excerpt":{"rendered":"<p>Mechanick\u00e9 rychloup\u00edna\u010de slou\u017e\u00ed ke snadn\u00e9 v\u00fdm\u011bn\u011b pracovn\u00edch n\u00e1stroj\u016f r\u00fdpadel hmotnosti od cca 2 &#8211; 80 tun. Up\u00ednac\u00ed s\u00edlu vyv\u00edj\u00ed pru\u017einov\u00fd nebo \u0161roubov\u00fd mechanismus.<\/p>","protected":false},"featured_media":2076,"comment_status":"closed","ping_status":"closed","template":"","meta":{"_acf_changed":false},"product_brand":[],"product_cat":[22],"product_tag":[],"class_list":{"0":"post-1688","1":"product","2":"type-product","3":"status-publish","4":"has-post-thumbnail","6":"product_cat-rychloupinace","8":"first","9":"instock","10":"shipping-taxable","11":"product-type-simple"},"acf":[],"_links":{"self":[{"href":"https:\/\/nekr.cz\/de\/wp-json\/wp\/v2\/product\/1688","targetHints":{"allow":["GET"]}}],"collection":[{"href":"https:\/\/nekr.cz\/de\/wp-json\/wp\/v2\/product"}],"about":[{"href":"https:\/\/nekr.cz\/de\/wp-json\/wp\/v2\/types\/product"}],"replies":[{"embeddable":true,"href":"https:\/\/nekr.cz\/de\/wp-json\/wp\/v2\/comments?post=1688"}],"wp:featuredmedia":[{"embeddable":true,"href":"https:\/\/nekr.cz\/de\/wp-json\/wp\/v2\/media\/2076"}],"wp:attachment":[{"href":"https:\/\/nekr.cz\/de\/wp-json\/wp\/v2\/media?parent=1688"}],"wp:term":[{"taxonomy":"product_brand","embeddable":true,"href":"https:\/\/nekr.cz\/de\/wp-json\/wp\/v2\/product_brand?post=1688"},{"taxonomy":"product_cat","embeddable":true,"href":"https:\/\/nekr.cz\/de\/wp-json\/wp\/v2\/product_cat?post=1688"},{"taxonomy":"product_tag","embeddable":true,"href":"https:\/\/nekr.cz\/de\/wp-json\/wp\/v2\/product_tag?post=1688"}],"curies":[{"name":"wp","href":"https:\/\/api.w.org\/{rel}","templated":true}]}}