{"id":2390,"date":"2024-08-01T17:13:46","date_gmt":"2024-08-01T17:13:46","guid":{"rendered":"https:\/\/nekr.cz\/?page_id=2390"},"modified":"2024-08-27T19:57:56","modified_gmt":"2024-08-27T19:57:56","slug":"produktova-stranka","status":"publish","type":"page","link":"https:\/\/nekr.cz\/de\/produkte\/produktova-stranka\/","title":{"rendered":"Produktova stranka"},"content":{"rendered":"<section class=\"bde-section-2390-100 bde-section\">\n  \n  \n\t\n\n\n\n<div class=\"section-container\"><div class=\"bde-columns-2390-101 bde-columns\"><div class=\"bde-column-2390-102 bde-column\">\n  \n  \n\t\n\n\n\n<div class=\"bde-woo-widget-2390-103 bde-woo-widget\">\n<div class='breakdance-woocommerce'>\n    <div class=\"widget woocommerce widget_product_categories\"><h2 class=\"widgettitle\">Produkt-Kategorien<\/h2><select  name='product_cat' id='product_cat' class='dropdown_product_cat'>\n\t<option value='' selected='selected' data-no-translation=\"\" data-trp-gettext=\"\">W\u00e4hle eine Kategorie<\/option>\n\t<option class=\"level-0\" value=\"brity-nahradni-dily-servis\">Rasierklingen<\/option>\n\t<option class=\"level-0\" value=\"nahradni-dily\">Ersatzteile<\/option>\n\t<option class=\"level-1\" value=\"brity-nahradni-dily-2\">&nbsp;&nbsp;&nbsp;Rasierklingen<\/option>\n\t<option class=\"level-1\" value=\"cepy-a-pouzdra\">&nbsp;&nbsp;&nbsp;Stifte und Buchsen<\/option>\n\t<option class=\"level-1\" value=\"cerpadla-hydraulicka-a-palivova\">&nbsp;&nbsp;&nbsp;Hydraulik- und Kraftstoffpumpen<\/option>\n\t<option class=\"level-1\" value=\"chladice-vodni-pumpy\">&nbsp;&nbsp;&nbsp;K\u00fchler, Wasserpumpen<\/option>\n\t<option class=\"level-1\" value=\"drtici-desky-do-drticu\">&nbsp;&nbsp;&nbsp;Brechplatten f\u00fcr Brecher<\/option>\n\t<option class=\"level-1\" value=\"filtry-oleje-maziva\">&nbsp;&nbsp;&nbsp;Filter, \u00d6le und Schmiermittel<\/option>\n\t<option class=\"level-1\" value=\"kabinova-okna\">&nbsp;&nbsp;&nbsp;Fenster in der Kabine<\/option>\n\t<option class=\"level-1\" value=\"koncove-prevody-a-jejich-casti\">&nbsp;&nbsp;&nbsp;Endr\u00e4der und ihre Teile<\/option>\n\t<option class=\"level-1\" value=\"motory-a-motorove-dily\">&nbsp;&nbsp;&nbsp;Motoren und Motorenteile<\/option>\n\t<option class=\"level-1\" value=\"ochranne-prvky-na-lopaty-nahradni-dily-2\">&nbsp;&nbsp;&nbsp;Schutzelemente f\u00fcr Schaufeln<\/option>\n\t<option class=\"level-1\" value=\"oskrty-pro-bouraci-kladiva\">&nbsp;&nbsp;&nbsp;Ausschnitte f\u00fcr Abbruchh\u00e4mmer<\/option>\n\t<option class=\"level-1\" value=\"pasy-gumove-a-ocelove\">&nbsp;&nbsp;&nbsp;Gummi- und Stahlb\u00e4nder<\/option>\n\t<option class=\"level-1\" value=\"podvozkove-dily\">&nbsp;&nbsp;&nbsp;Fahrwerksteile<\/option>\n\t<option class=\"level-1\" value=\"rozvadece\">&nbsp;&nbsp;&nbsp;Schalttafeln<\/option>\n\t<option class=\"level-1\" value=\"zuby-nahradni-dily-2\">&nbsp;&nbsp;&nbsp;Z\u00e4hne<\/option>\n\t<option class=\"level-0\" value=\"nezarazene\">Uncategorized<\/option>\n\t<option class=\"level-0\" value=\"ochranne-prvky-na-lopaty-nahradni-dily-servis\">Schutzelemente f\u00fcr Schaufeln<\/option>\n\t<option class=\"level-0\" value=\"opravy\">Reparaturen<\/option>\n\t<option class=\"level-0\" value=\"produkty\">Produkte<\/option>\n\t<option class=\"level-1\" value=\"desky-adaptacni-prechodove-zavesy\">&nbsp;&nbsp;&nbsp;Adaptiv \/ \u00dcbergang \/ Scharnierplatten<\/option>\n\t<option class=\"level-1\" value=\"drapaky\">&nbsp;&nbsp;&nbsp;Greifer<\/option>\n\t<option class=\"level-1\" value=\"hroty-rozryvaci\">&nbsp;&nbsp;&nbsp;Tipps zum Vertikutieren<\/option>\n\t<option class=\"level-1\" value=\"hydraulicke_valce\">&nbsp;&nbsp;&nbsp;Hydraulische Zylinder<\/option>\n\t<option class=\"level-1\" value=\"lopaty-horove\">&nbsp;&nbsp;&nbsp;Bergschaufeln<\/option>\n\t<option class=\"level-1\" value=\"lopaty-na-bagry\">&nbsp;&nbsp;&nbsp;Schaufeln f\u00fcr Bagger<\/option>\n\t<option class=\"level-1\" value=\"lopaty-na-nakladace\">&nbsp;&nbsp;&nbsp;Schaufeln f\u00fcr Lader<\/option>\n\t<option class=\"level-1\" value=\"lopaty-tridici\">&nbsp;&nbsp;&nbsp;Schaufeln sortieren<\/option>\n\t<option class=\"level-1\" value=\"naklapeci-hlavy\">&nbsp;&nbsp;&nbsp;Neigbare K\u00f6pfe<\/option>\n\t<option class=\"level-1\" value=\"naklapeci-rotatory\">&nbsp;&nbsp;&nbsp;Kippbare Rotatoren<\/option>\n\t<option class=\"level-1\" value=\"pridrzovace\">&nbsp;&nbsp;&nbsp;Halterungen<\/option>\n\t<option class=\"level-1\" value=\"protizavazi-dozerove\">&nbsp;&nbsp;&nbsp;Gegengewicht zur \u00dcberwachung<\/option>\n\t<option class=\"level-1\" value=\"radlice-dozerove\">&nbsp;&nbsp;&nbsp;\u00dcberwachungsradar<\/option>\n\t<option class=\"level-1\" value=\"radlice-na-snih\">&nbsp;&nbsp;&nbsp;Schneeschaufel<\/option>\n\t<option class=\"level-1\" value=\"rippery-dozerove\">&nbsp;&nbsp;&nbsp;\u00dcberwachungs-Ripper<\/option>\n\t<option class=\"level-1\" value=\"rotacni-hlavy\">&nbsp;&nbsp;&nbsp;Rotierende K\u00f6pfe<\/option>\n\t<option class=\"level-1\" value=\"rychloupinace\">&nbsp;&nbsp;&nbsp;Befestigungselemente<\/option>\n\t<option class=\"level-1\" value=\"vidle-paletizacni\">&nbsp;&nbsp;&nbsp;Palettiergabeln<\/option>\n\t<option class=\"level-1\" value=\"vylozniky-nasady-prodlouzeni\">&nbsp;&nbsp;&nbsp;Ausleger Griffe Verl\u00e4ngerungen<\/option>\n\t<option class=\"level-1\" value=\"zakazkova-vyroba\">&nbsp;&nbsp;&nbsp;Kundenspezifische Produktion<\/option>\n\t<option class=\"level-0\" value=\"servis\">Dienst<\/option>\n\t<option class=\"level-1\" value=\"servis-stavebnich-stroju\">&nbsp;&nbsp;&nbsp;Servis stavebn\u00edch stroj\u016f<\/option>\n\t<option class=\"level-1\" value=\"vyrobni-technologie\">&nbsp;&nbsp;&nbsp;V\u00fdrobn\u00ed technologie<\/option>\n\t<option class=\"level-0\" value=\"zuby\">Z\u00e4hne<\/option>\n<\/select>\n<\/div><\/div>\n\n<\/div><div class=\"bde-code-block-2390-104 bde-code-block\">\n\n  <div class=\"sidebar-menu\">\n            <div class=\"menu-section\">\n            <label for=\"toggle-52\" class=\"category-title\">Produkte<\/label>\n        \n            <ul class=\"category-list\">\n                                    <li class=\"category-item\">\n                        <a href=\"https:\/\/nekr.cz\/de\/produkt-kategorie\/produkte\/naklapeci-rotatory\/\">\n                            Kipprotatoren (11)\n                        <\/a>\n                                            <\/li>\n                                    <li class=\"category-item\">\n                        <a href=\"https:\/\/nekr.cz\/de\/produkt-kategorie\/produkte\/naklapeci-hlavy\/\">\n                            Neigbare K\u00f6pfe (2)\n                        <\/a>\n                                            <\/li>\n                                    <li class=\"category-item\">\n                        <a href=\"https:\/\/nekr.cz\/de\/produkt-kategorie\/produkte\/rotacni-hlavy\/\">\n                            Drehk\u00f6pfe (2)\n                        <\/a>\n                                            <\/li>\n                                    <li class=\"category-item\">\n                        <a href=\"https:\/\/nekr.cz\/de\/produkt-kategorie\/produkte\/rychloupinace\/\">\n                            Befestigungen (10)\n                        <\/a>\n                                            <\/li>\n                                    <li class=\"category-item\">\n                        <a href=\"https:\/\/nekr.cz\/de\/produkt-kategorie\/produkte\/lopaty-na-bagry\/\">\n                            Schaufeln f\u00fcr Bagger (23)\n                        <\/a>\n                                            <\/li>\n                                    <li class=\"category-item\">\n                        <a href=\"https:\/\/nekr.cz\/de\/produkt-kategorie\/produkte\/lopaty-na-nakladace\/\">\n                            Schaufeln f\u00fcr Lader (12)\n                        <\/a>\n                                            <\/li>\n                                    <li class=\"category-item\">\n                        <a href=\"https:\/\/nekr.cz\/de\/produkt-kategorie\/produkte\/lopaty-horove\/\">\n                            Schaufeln (2)\n                        <\/a>\n                                            <\/li>\n                                    <li class=\"category-item\">\n                        <a href=\"https:\/\/nekr.cz\/de\/produkt-kategorie\/produkte\/lopaty-tridici\/\">\n                            Sortierschaufeln (1)\n                        <\/a>\n                                            <\/li>\n                                    <li class=\"category-item\">\n                        <a href=\"https:\/\/nekr.cz\/de\/produkt-kategorie\/produkte\/drapaky\/\">\n                            Greifer (11)\n                        <\/a>\n                                            <\/li>\n                                    <li class=\"category-item\">\n                        <a href=\"https:\/\/nekr.cz\/de\/produkt-kategorie\/produkte\/vidle-paletizacni\/\">\n                            Palettiergabeln (4)\n                        <\/a>\n                                            <\/li>\n                                    <li class=\"category-item\">\n                        <a href=\"https:\/\/nekr.cz\/de\/produkt-kategorie\/produkte\/hroty-rozryvaci\/\">\n                            Tipps zum Vertikutieren (1)\n                        <\/a>\n                                            <\/li>\n                                    <li class=\"category-item\">\n                        <a href=\"https:\/\/nekr.cz\/de\/produkt-kategorie\/produkte\/desky-adaptacni-prechodove-zavesy\/\">\n                            Anpassungs-\/\u00dcbergangs-\/Scharnierbretter (3)\n                        <\/a>\n                                            <\/li>\n                                    <li class=\"category-item\">\n                        <a href=\"https:\/\/nekr.cz\/de\/produkt-kategorie\/produkte\/radlice-dozerove\/\">\n                            \u00dcberwachungsradome (2)\n                        <\/a>\n                                            <\/li>\n                                    <li class=\"category-item\">\n                        <a href=\"https:\/\/nekr.cz\/de\/produkt-kategorie\/produkte\/rippery-dozerove\/\">\n                            \u00dcberwachungs-Ripper (2)\n                        <\/a>\n                                            <\/li>\n                                    <li class=\"category-item\">\n                        <a href=\"https:\/\/nekr.cz\/de\/produkt-kategorie\/produkte\/protizavazi-dozerove\/\">\n                            Gegengewichte (1)\n                        <\/a>\n                                            <\/li>\n                                    <li class=\"category-item\">\n                        <a href=\"https:\/\/nekr.cz\/de\/produkt-kategorie\/produkte\/radlice-na-snih\/\">\n                            Schneepflug (1)\n                        <\/a>\n                                            <\/li>\n                                    <li class=\"category-item\">\n                        <a href=\"https:\/\/nekr.cz\/de\/produkt-kategorie\/produkte\/pridrzovace\/\">\n                            Halterungen (1)\n                        <\/a>\n                                            <\/li>\n                                    <li class=\"category-item\">\n                        <a href=\"https:\/\/nekr.cz\/de\/produkt-kategorie\/produkte\/vylozniky-nasady-prodlouzeni\/\">\n                            Verl\u00e4ngerungen f\u00fcr Auslegergriffe (6)\n                        <\/a>\n                                            <\/li>\n                                    <li class=\"category-item\">\n                        <a href=\"https:\/\/nekr.cz\/de\/produkt-kategorie\/produkte\/zakazkova-vyroba\/\">\n                            Zak\u00e1zkov\u00e1 v\u00fdroba (17)\n                        <\/a>\n                                            <\/li>\n                                    <li class=\"category-item\">\n                        <a href=\"https:\/\/nekr.cz\/de\/produkt-kategorie\/produkte\/hydraulicke_valce\/\">\n                            Hydraulick\u00e9 v\u00e1lce (1)\n                        <\/a>\n                                            <\/li>\n                            <\/ul>\n        <\/div>\n    <\/div>\n\n\n\n<\/div>\n<\/div><div class=\"bde-column-2390-105 bde-column\">\n  \n  \n\t\n\n\n\n<div class=\"bde-wooshoppage-2390-106 bde-wooshoppage breakdance-woocommerce\">\n     <div class=\"breakdance-empty-ssr-message breakdance-empty-ssr-message-error\">\n        <div>\n            The <b>\"Shop Page\"<\/b> element can only be added to a shop archive template or a template for product taxonomies.<br \/><br \/>\n            Create one in the WP admin at <b>Breakdance &gt; Templates<\/b>.\n        <\/div>\n    <\/div>\n<\/div>\n<\/div><\/div><\/div>\n<\/section>","protected":false},"excerpt":{"rendered":"<p>Produkt-Kategorien W\u00e4hle eine Kategorie B\u0159ity N\u00e1hradn\u00ed d\u00edly &nbsp;&nbsp;&nbsp;B\u0159ity &nbsp;&nbsp;&nbsp;\u010cepy a pouzdra &nbsp;&nbsp;&nbsp;\u010cerpadla hydraulick\u00e1 a palivov\u00e1 &nbsp;&nbsp;&nbsp;Chladi\u010de, vodn\u00ed pumpy &nbsp;&nbsp;&nbsp;Drt\u00edc\u00ed desky do drti\u010d\u016f &nbsp;&nbsp;&nbsp;Filtry, oleje a maziva &nbsp;&nbsp;&nbsp;Kabinov\u00e1 okna &nbsp;&nbsp;&nbsp;Koncov\u00e9 p\u0159evody a jejich \u010d\u00e1sti &nbsp;&nbsp;&nbsp;Motory a motorov\u00e9 d\u00edly &nbsp;&nbsp;&nbsp;Ochrann\u00e9 prvky na lopaty &nbsp;&nbsp;&nbsp;O\u0161krty pro bouraci kladiva &nbsp;&nbsp;&nbsp;P\u00e1sy gumov\u00e9 a ocelov\u00e9 &nbsp;&nbsp;&nbsp;Podvozkov\u00e9 d\u00edly &nbsp;&nbsp;&nbsp;Rozv\u00e1d\u011b\u010de &nbsp;&nbsp;&nbsp;Zuby Neza\u0159azen\u00e9 [&hellip;]<\/p>","protected":false},"author":1,"featured_media":0,"parent":51,"menu_order":0,"comment_status":"closed","ping_status":"closed","template":"","meta":{"_acf_changed":false,"_breakdance_hide_in_design_set":false,"_breakdance_tags":"","footnotes":""},"class_list":["post-2390","page","type-page","status-publish","hentry"],"acf":[],"_links":{"self":[{"href":"https:\/\/nekr.cz\/de\/wp-json\/wp\/v2\/pages\/2390","targetHints":{"allow":["GET"]}}],"collection":[{"href":"https:\/\/nekr.cz\/de\/wp-json\/wp\/v2\/pages"}],"about":[{"href":"https:\/\/nekr.cz\/de\/wp-json\/wp\/v2\/types\/page"}],"author":[{"embeddable":true,"href":"https:\/\/nekr.cz\/de\/wp-json\/wp\/v2\/users\/1"}],"replies":[{"embeddable":true,"href":"https:\/\/nekr.cz\/de\/wp-json\/wp\/v2\/comments?post=2390"}],"version-history":[{"count":4,"href":"https:\/\/nekr.cz\/de\/wp-json\/wp\/v2\/pages\/2390\/revisions"}],"predecessor-version":[{"id":2396,"href":"https:\/\/nekr.cz\/de\/wp-json\/wp\/v2\/pages\/2390\/revisions\/2396"}],"up":[{"embeddable":true,"href":"https:\/\/nekr.cz\/de\/wp-json\/wp\/v2\/pages\/51"}],"wp:attachment":[{"href":"https:\/\/nekr.cz\/de\/wp-json\/wp\/v2\/media?parent=2390"}],"curies":[{"name":"wp","href":"https:\/\/api.w.org\/{rel}","templated":true}]}}