{"id":1034,"date":"2024-02-19T11:39:51","date_gmt":"2024-02-19T11:39:51","guid":{"rendered":"https:\/\/nekr.cz\/?page_id=1034"},"modified":"2024-08-30T06:56:41","modified_gmt":"2024-08-30T06:56:41","slug":"o-nas","status":"publish","type":"page","link":"https:\/\/nekr.cz\/de\/uber-uns\/","title":{"rendered":"\u00dcber uns"},"content":{"rendered":"<section id=\"o-nas\" class=\"bde-section-1034-176 bde-section\">\n  \n  \n\t\n\n\n\n<div class=\"section-container\"><div class=\"bde-columns-1034-177 bde-columns\"><div class=\"bde-column-1034-178 bde-column\">\n  \n  \n\t\n\n\n\n<div class=\"bde-image-1034-179 bde-image\" data-entrance=\"slideLeft\">\n<figure class=\"breakdance-image breakdance-image--2714\">\n\t<div class=\"breakdance-image-container\">\n\t\t<div class=\"breakdance-image-clip\"><img decoding=\"async\" class=\"breakdance-image-object lazyload\" data-src=\"https:\/\/nekr.cz\/wp-content\/uploads\/2024\/08\/Construction-amico1.webp\" width=\"1000\" height=\"1000\" data-srcset=\"https:\/\/nekr.cz\/wp-content\/uploads\/2024\/08\/Construction-amico1.webp 1000w, https:\/\/nekr.cz\/wp-content\/uploads\/2024\/08\/Construction-amico1-300x300.webp 300w, https:\/\/nekr.cz\/wp-content\/uploads\/2024\/08\/Construction-amico1-150x150.webp 150w, https:\/\/nekr.cz\/wp-content\/uploads\/2024\/08\/Construction-amico1-768x768.webp 768w, https:\/\/nekr.cz\/wp-content\/uploads\/2024\/08\/Construction-amico1-12x12.webp 12w, https:\/\/nekr.cz\/wp-content\/uploads\/2024\/08\/Construction-amico1-600x600.webp 600w\" data-sizes=\"auto, (max-width: 1000px) 100vw, 1000px\" alt=\"Bagger 2\" src=\"data:image\/gif;base64,R0lGODlhAQABAAAAACH5BAEKAAEALAAAAAABAAEAAAICTAEAOw==\" style=\"--smush-placeholder-width: 1000px; --smush-placeholder-aspect-ratio: 1000\/1000;\"><\/div>\n\t<\/div><\/figure>\n\n<\/div>\n<\/div><div class=\"bde-column-1034-180 bde-column\" data-parallax=\"true\">\n  \n  \n\t\n\n\n\n<h2 class=\"bde-heading-1034-181 bde-heading\">\nWas machen wir eigentlich?\n<\/h2><div class=\"bde-text-1034-182 bde-text\">\nDie Firma NEKR SERVIS s.r.o. besch\u00e4ftigt sich mit der Herstellung und Entwicklung von Zusatzeinrichtungen f\u00fcr Baumaschinen. <br><br>Zu unseren Hauptprodukten geh\u00f6ren Hydraulikzylinder und Spezialschaufeln f\u00fcr Bagger, wobei wir einen starken Fokus auf Qualit\u00e4t und Innovation legen. <br><br>Unser Ziel ist es, L\u00f6sungen anzubieten, die die Effizienz und Produktivit\u00e4t auf Baustellen und in der Bauindustrie steigern. <br><br>Wir sind bestrebt, unsere Produkte und Dienstleistungen st\u00e4ndig zu verbessern, um die Anforderungen und Bed\u00fcrfnisse unserer Kunden zu erf\u00fcllen.\n<\/div><div class=\"bde-div-1034-183 bde-div\">\n  \n  \n\t\n\n\n\n<div class=\"bde-button-1034-184 bde-button\">\n    \n                                    \n    \n    \n    \n    \n            \n                    \n            \n            \n\n    \n    \n    \n    \n    \n    <a class=\"breakdance-link button-atom button-atom--custom bde-button__button\" href=\"https:\/\/nekr.cz\/de\/produkte\/produktova-stranka\/\" target=\"_self\" data-type=\"url\"  >\n\n    \n        <span class=\"button-atom__text\">Unsere Produkte<\/span>\n\n        \n        \n                <\/a>\n\n    \n\n\n<\/div>\n<\/div><div class=\"bde-div-1034-185 bde-div\">\n  \n  \n\t\n\n\n\n<div class=\"bde-grid-1034-189 bde-grid\">\n  \n  \n\t\n\n\n\n<div class=\"bde-simple-counter-1034-186 bde-simple-counter\" data-entrance=\"fade\">\n<div class=\"bde-simple-counter__wrapper\">\n  <p class=\"bde-simple-counter__number bde-h6\">\n    <span class=\"bde-simple-counter__prefix\"><\/span>\n    <span class=\"bde-simple-counter__digit js-digit\"><\/span>\n    <span class=\"bde-simple-counter__suffix\">+<\/span>\n  <\/p>\n    \t<div class=\"bde-simple-counter__title\" >Hergestellte Produkte<\/div>\n  <\/div>\n\n<\/div><div class=\"bde-simple-counter-1034-187 bde-simple-counter\" data-entrance=\"fade\">\n<div class=\"bde-simple-counter__wrapper\">\n  <p class=\"bde-simple-counter__number bde-h6\">\n    <span class=\"bde-simple-counter__prefix\"><\/span>\n    <span class=\"bde-simple-counter__digit js-digit\"><\/span>\n    <span class=\"bde-simple-counter__suffix\">+<\/span>\n  <\/p>\n    \t<div class=\"bde-simple-counter__title\" >Erfolgreiche Auftr\u00e4ge<\/div>\n  <\/div>\n\n<\/div><div class=\"bde-simple-counter-1034-188 bde-simple-counter\" data-entrance=\"fade\">\n<div class=\"bde-simple-counter__wrapper\">\n  <p class=\"bde-simple-counter__number bde-h6\">\n    <span class=\"bde-simple-counter__prefix\"><\/span>\n    <span class=\"bde-simple-counter__digit js-digit\"><\/span>\n    <span class=\"bde-simple-counter__suffix\">+<\/span>\n  <\/p>\n    \t<div class=\"bde-simple-counter__title\" >Zufriedene Kunden<\/div>\n  <\/div>\n\n<\/div>\n<\/div>\n<\/div>\n<\/div><\/div><\/div>\n<\/section><section class=\"bde-section-1034-105 bde-section\">\n  \n  \n\t\n\n\n\n<div class=\"section-container\"><h1 class=\"bde-heading-1034-106 bde-heading\">\nUnsere Geschichte\n<\/h1><div class=\"bde-text-1034-107 bde-text\">\nWerfen Sie einen Blick auf unsere Reise\n<\/div><div class=\"bde-div-1034-108 bde-div\">\n  \n  \n\t\n\n\n\n<div class=\"bde-div-1034-109 bde-div\" data-entrance=\"slideLeft\">\n  \n  \n\t\n\n\n\n<h3 class=\"bde-heading-1034-110 bde-heading\">\nGr\u00fcndung des Unternehmens\n<\/h3><div class=\"bde-text-1034-111 bde-text\">\n1991\n<\/div><div class=\"bde-text-1034-112 bde-text\">\nUnsere Gr\u00fcndung im Jahr 1991 als Zusammenschluss von Einzelpersonen war der erste Schritt auf dem Weg zur Bereitstellung innovativer L\u00f6sungen im Bereich der Baumaschinen und \u00f6ffnete die T\u00fcr f\u00fcr Wachstum und Entwicklung in diesem dynamischen Bereich.\n<\/div>\n<\/div><div class=\"bde-div-1034-113 bde-div\">\n  \n  \n\t\n\n\n\n<div class=\"bde-icon-1034-114 bde-icon\">\n\n    \n            <div class=\"bde-icon-icon breakdance-icon-atom\" >\n    \n                    <svg xmlns=\"http:\/\/www.w3.org\/2000\/svg\" width=\"24\" height=\"24\" viewbox=\"0 0 24 24\" fill-rule=\"evenodd\" clip-rule=\"evenodd\"><path d=\"M7.285 1.942h.005-.005zm-4.133-1.942l-.765 2.412-2.359.917 2.057 1.474.144 2.527 2.038-1.501 2.447.643-.798-2.401 1.369-2.129-2.531.017-1.602-1.959zm.395 2.062l.736.901 1.162-.009-.629.978.366 1.104-1.123-.296-.937.69-.066-1.161-.945-.677 1.084-.422.352-1.108zm3.027 5.938l-3.619.469c.418 4.888-1.546 10.626-2.955 14.531 2.036-2.653 6.729-7.553 6.574-15m-1.016 1.14c-.164 3.308-1.348 6.078-2.705 8.308.69-2.563 1.225-5.419 1.152-8.107l1.553-.201zm15.269 2.436l-1.572 1.983-2.532.02 1.4 2.109-.763 2.413 2.439-.68 2.058 1.471.108-2.528 2.035-1.504-2.371-.883-.802-2.401zm-.363 2.068l.368 1.103 1.09.406-.936.691-.05 1.161-.945-.676-1.121.313.351-1.109-.643-.968 1.163-.009.723-.912zm-4.942.693c-6.271 1.285-12.065 6.879-13.919 9.663 5.435-3.695 10.819-5.736 14.592-6.001l-.673-3.662zm-.792 1.221l.287 1.563c-2.335.334-5.027 1.209-7.81 2.517 2.125-1.697 4.738-3.298 7.523-4.08m-5.805-.305c.276-.01.492-.241.483-.517-.101-2.966.579-3.95 2.91-4.211 2.769-.312 2.914-2.021 3.02-3.268.101-1.2.163-1.924 1.813-2.046 1.542-.113 2.398-.423 2.953-1.07.606-.706.791-1.771.641-3.678-.022-.275-.284-.475-.537-.459-.276.022-.482.263-.459.538.125 1.591.004 2.472-.403 2.947-.359.418-1.038.635-2.268.725-2.501.184-2.637 1.788-2.737 2.959-.105 1.241-.181 2.138-2.134 2.357-3.288.37-3.896 2.362-3.798 5.24.008.27.23.483.499.483h.017zm2.075-13.253c-1.104 0-2 .896-2 2s.896 2 2 2c1.103 0 2-.896 2-2s-.897-2-2-2m0 1c.551 0 1 .448 1 1 0 .551-.449 1-1 1-.551 0-1-.449-1-1 0-.552.449-1 1-1m10.011 2.978c-1.11 0-2.011.901-2.011 2.011s.901 2.011 2.011 2.011 2.011-.901 2.011-2.011-.901-2.011-2.011-2.011m0 1c.557 0 1.011.453 1.011 1.011 0 .557-.454 1.011-1.011 1.011-.558 0-1.011-.454-1.011-1.011 0-.558.453-1.011 1.011-1.011\"\/><\/svg>\n        \n        \n        \n            <\/div>\n    \n\n\n<\/div><div class=\"bde-div-1034-115 bde-div\">\n  \n  \n\t\n\n\n\n\n<\/div>\n<\/div>\n<\/div><div class=\"bde-div-1034-116 bde-div\">\n  \n  \n\t\n\n\n\n<div class=\"bde-div-1034-117 bde-div\">\n  \n  \n\t\n\n\n\n<div class=\"bde-icon-1034-118 bde-icon\">\n\n    \n            <div class=\"bde-icon-icon breakdance-icon-atom\" >\n    \n                    <svg xmlns=\"http:\/\/www.w3.org\/2000\/svg\" id=\"Layer_1\" data-name=\"Layer 1\" viewbox=\"0 0 24 24\" width=\"512\" height=\"512\"><path d=\"M23.955,21.319a1,1,0,0,0-1.252-.658l-1.3.4-.931-2.737A4.953,4.953,0,0,0,22.8,12.607L20.957,7.132A3.023,3.023,0,0,0,17.28,5.11L13.428,6.184A2.966,2.966,0,0,0,12,7.078a2.966,2.966,0,0,0-1.428-.894L6.719,5.11A3.008,3.008,0,0,0,3.052,7.1L1.185,12.657a4.956,4.956,0,0,0,2.364,5.682l-.944,2.728L1.3,20.661A1,1,0,1,0,.7,22.571l2.16.671c.015,0,.024.017.039.023s.052.006.078.013l2.181.677a1,1,0,0,0,.594-1.91L4.516,21.66l.935-2.7A4.982,4.982,0,0,0,6.01,19,5,5,0,0,0,10.8,15.392L12,11.836l1.183,3.5A5,5,0,0,0,17.99,19a4.917,4.917,0,0,0,.581-.04l.918,2.7-1.244.386a1,1,0,0,0,.594,1.91l2.175-.675c.026-.007.053,0,.079-.013s.026-.019.042-.025l2.162-.671A1,1,0,0,0,23.955,21.319ZM13.357,8.592a.989.989,0,0,1,.608-.482l3.851-1.073A1,1,0,0,1,18.08,7a1.023,1.023,0,0,1,.972.739L19.813,10H13.49l-.215-.637A1,1,0,0,1,13.357,8.592ZM5.918,7a1.007,1.007,0,0,1,.265.036L10.035,8.11a1,1,0,0,1,.7,1.223L10.51,10H4.187l.77-2.29A1.008,1.008,0,0,1,5.918,7Zm2.974,7.8a3,3,0,0,1-5.5.669A2.949,2.949,0,0,1,3.1,13.245L3.514,12H9.836Zm7.632,1.808a3.022,3.022,0,0,1-1.431-1.859L14.164,12h6.323l.4,1.194a3,3,0,0,1-4.366,3.418Z\"\/><path d=\"M15.553,3.9A1,1,0,0,0,16.9,3.447l1-2a1,1,0,1,0-1.79-.894l-1,2A1,1,0,0,0,15.553,3.9Z\"\/><path d=\"M7.105,3.447A1,1,0,1,0,8.9,2.553l-1-2a1,1,0,0,0-1.79.894Z\"\/><path d=\"M12,4a1,1,0,0,0,1-1V1a1,1,0,0,0-2,0V3A1,1,0,0,0,12,4Z\"\/><\/svg>\n        \n        \n        \n            <\/div>\n    \n\n\n<\/div><div class=\"bde-div-1034-119 bde-div\">\n  \n  \n\t\n\n\n\n\n<\/div>\n<\/div><div class=\"bde-div-1034-120 bde-div\" data-entrance=\"slideRight\">\n  \n  \n\t\n\n\n\n<h3 class=\"bde-heading-1034-121 bde-heading\">\nNEKR SERVIS S.R.O.\n<\/h3><div class=\"bde-text-1034-122 bde-text\">\n1996\n<\/div><div class=\"bde-text-1034-123 bde-text\">\nMit unserer Gr\u00fcndung im Jahr 1996 haben wir ein solides Fundament f\u00fcr zuk\u00fcnftiges Wachstum und Entwicklung gelegt und uns auf Innovation und Qualit\u00e4t im Baumaschinensektor konzentriert.\n<\/div>\n<\/div>\n<\/div><div class=\"bde-div-1034-124 bde-div\">\n  \n  \n\t\n\n\n\n<div class=\"bde-div-1034-125 bde-div\" data-entrance=\"slideLeft\">\n  \n  \n\t\n\n\n\n<h3 class=\"bde-heading-1034-126 bde-heading\">\nBau eines neuen Geb\u00e4udes\n<\/h3><div class=\"bde-text-1034-127 bde-text\">\n1996\n<\/div><div class=\"bde-text-1034-128 bde-text\">\nMit dem Bau der neuen Anlage haben wir den Grundstein f\u00fcr die Erweiterung unseres Betriebs und die Steigerung der Effizienz unserer Produktionsprozesse gelegt, so dass wir besser auf die Bed\u00fcrfnisse des Marktes reagieren k\u00f6nnen.\n<\/div>\n<\/div><div class=\"bde-div-1034-129 bde-div\">\n  \n  \n\t\n\n\n\n<div class=\"bde-icon-1034-130 bde-icon\">\n\n    \n            <div class=\"bde-icon-icon breakdance-icon-atom\" >\n    \n                    <svg xmlns=\"http:\/\/www.w3.org\/2000\/svg\" xmlns:xlink=\"http:\/\/www.w3.org\/1999\/xlink\" fill=\"#000000\" height=\"800px\" width=\"800px\" version=\"1.1\" id=\"Layer_1\" viewbox=\"0 0 512.005 512.005\" xml:space=\"preserve\">\r\n<g>\r\n\t<g>\r\n\t\t<path d=\"M256,384.003v76.8h76.8v-76.8H256z M307.2,435.203h-25.6v-25.6h25.6V435.203z\"\/>\r\n\t<\/g>\r\n<\/g>\r\n<g>\r\n\t<g>\r\n\t\t<path d=\"M358.4,384.003v76.8h76.8v-76.8H358.4z M409.6,435.203H384v-25.6h25.6V435.203z\"\/>\r\n\t<\/g>\r\n<\/g>\r\n<g>\r\n\t<g>\r\n\t\t<path d=\"M499.2,486.403h-12.8v-204.8h-25.6v-25.6h-25.6v25.6h-25.6v51.2H384v-51.2v-51.2h-25.6v51.2h-25.6v-76.8h-25.6v76.8v51.2    h-25.6v-51.2H256v-51.2h-25.6v51.2h-25.6v204.8h-51.2v-281.6h25.6c14.14,0,25.6-11.46,25.6-25.6v-25.6h230.4v76.8h25.6v-76.8h25.6    c11.87,0,22.187-8.166,24.917-19.721c2.731-11.554-2.85-23.467-13.466-28.774l-51.2-25.6c-3.558-1.775-7.475-2.705-11.452-2.705    H156.399l-31.104-62.652c-4.403-8.806-13.363-14.148-22.886-14.148c-1.954,0-3.925,0.222-5.888,0.691    C84.966,3.416,76.8,13.733,76.8,25.603v51.2H25.6c-14.14,0-25.6,11.46-25.6,25.6v25.6c0,14.14,11.46,25.6,25.6,25.6h51.2v25.6    v307.2h-64c-7.074,0-12.8,5.726-12.8,12.8c0,7.074,5.726,12.8,12.8,12.8h486.4c7.074,0,12.8-5.726,12.8-12.8    C512,492.129,506.274,486.403,499.2,486.403z M76.8,128.003H25.6v-25.6h51.2V128.003z M435.2,102.403l51.2,25.6H204.8    c0-6.793-2.697-13.303-7.501-18.099l-7.492-7.501H435.2z M102.4,25.603l25.6,51.2h-25.6V25.603z M102.4,102.403h51.2l25.6,25.6    v51.2h-76.8V102.403z M128,486.403h-25.6v-281.6H128V486.403z M460.8,486.403H230.4v-179.2H256v51.2h76.8v-51.2h25.6v51.2h76.8    v-51.2h25.6V486.403z\"\/>\r\n\t<\/g>\r\n<\/g>\r\n<\/svg>\n        \n        \n        \n            <\/div>\n    \n\n\n<\/div><div class=\"bde-div-1034-131 bde-div\">\n  \n  \n\t\n\n\n\n\n<\/div>\n<\/div>\n<\/div><div class=\"bde-div-1034-132 bde-div\">\n  \n  \n\t\n\n\n\n<div class=\"bde-div-1034-133 bde-div\">\n  \n  \n\t\n\n\n\n<div class=\"bde-icon-1034-134 bde-icon\">\n\n    \n            <div class=\"bde-icon-icon breakdance-icon-atom\" >\n    \n                    <svg xmlns=\"http:\/\/www.w3.org\/2000\/svg\" fill=\"#000000\" width=\"800px\" height=\"800px\" viewbox=\"0 0 16 16\" id=\"factory-16px\">\r\n  <path id=\"Path_109\" data-name=\"Path 109\" d=\"M-6.5,16h-15a.5.5,0,0,1-.5-.5V.5a.5.5,0,0,1,.5-.5h4a.5.5,0,0,1,.5.5V8.691l5.276-2.638a.5.5,0,0,1,.487.022A.5.5,0,0,1-11,6.5V8.617l4.243-2.546a.5.5,0,0,1,.5-.006A.5.5,0,0,1-6,6.5v9A.5.5,0,0,1-6.5,16ZM-21,15H-7V7.383l-4.243,2.546a.5.5,0,0,1-.5.006A.5.5,0,0,1-12,9.5V7.309l-5.276,2.638a.5.5,0,0,1-.487-.022A.5.5,0,0,1-18,9.5V1h-3Z\" transform=\"translate(22)\"\/>\r\n<\/svg>\n        \n        \n        \n            <\/div>\n    \n\n\n<\/div><div class=\"bde-div-1034-135 bde-div\">\n  \n  \n\t\n\n\n\n\n<\/div>\n<\/div><div class=\"bde-div-1034-136 bde-div\" data-entrance=\"slideRight\">\n  \n  \n\t\n\n\n\n<h3 class=\"bde-heading-1034-137 bde-heading\">\nErste Produktionshalle\n<\/h3><div class=\"bde-text-1034-138 bde-text\">\n1999\n<\/div><div class=\"bde-text-1034-139 bde-text\">\nDie Er\u00f6ffnung unserer ersten Produktionshalle war ein wichtiger Schritt, der es uns erm\u00f6glichte, unsere Produktionskapazit\u00e4ten zu erweitern und unsere Marktposition zu st\u00e4rken.\n<\/div>\n<\/div>\n<\/div><div class=\"bde-div-1034-140 bde-div\">\n  \n  \n\t\n\n\n\n<div class=\"bde-div-1034-141 bde-div\" data-entrance=\"slideLeft\">\n  \n  \n\t\n\n\n\n<h3 class=\"bde-heading-1034-142 bde-heading\">\nDienstleistungszentrum\n<\/h3><div class=\"bde-text-1034-143 bde-text\">\n2001\n<\/div><div class=\"bde-text-1034-144 bde-text\">\nIm Jahr 2001 er\u00f6ffneten wir unser Servicezentrum, was eine Erweiterung unserer Dienstleistungen und eine St\u00e4rkung unserer F\u00e4higkeit bedeutete, den Kunden einen umfassenden Service und Support f\u00fcr unsere Produkte zu bieten.\n<\/div>\n<\/div><div class=\"bde-div-1034-145 bde-div\">\n  \n  \n\t\n\n\n\n<div class=\"bde-icon-1034-146 bde-icon\">\n\n    \n            <div class=\"bde-icon-icon breakdance-icon-atom\" >\n    \n                    <svg xmlns=\"http:\/\/www.w3.org\/2000\/svg\" xmlns:xlink=\"http:\/\/www.w3.org\/1999\/xlink\" fill=\"#000000\" height=\"800px\" width=\"800px\" version=\"1.1\" id=\"Icons\" viewbox=\"0 0 32 32\" xml:space=\"preserve\">\r\n<path d=\"M21,21H4c-2.2,0-4,1.8-4,4s1.8,4,4,4h17c2.2,0,4-1.8,4-4S23.2,21,21,21z M5.9,25.4c-0.1,0.1-0.1,0.2-0.2,0.3  C5.5,25.9,5.3,26,5,26c-0.3,0-0.5-0.1-0.7-0.3c-0.1-0.1-0.2-0.2-0.2-0.3C4,25.3,4,25.1,4,25c0-0.3,0.1-0.5,0.3-0.7  c0.1-0.1,0.2-0.2,0.3-0.2C5,23.9,5.4,24,5.7,24.3C5.9,24.5,6,24.7,6,25C6,25.1,6,25.3,5.9,25.4z M12.9,25.4  c-0.1,0.1-0.1,0.2-0.2,0.3c-0.1,0.1-0.2,0.2-0.3,0.2C12.3,26,12.1,26,12,26c-0.3,0-0.5-0.1-0.7-0.3c-0.1-0.1-0.2-0.2-0.2-0.3  c0-0.1-0.1-0.3-0.1-0.4c0-0.3,0.1-0.5,0.3-0.7c0.3-0.3,0.7-0.4,1.1-0.2c0.1,0.1,0.2,0.1,0.3,0.2c0.2,0.2,0.3,0.4,0.3,0.7  C13,25.1,13,25.3,12.9,25.4z M19.9,25.4c-0.1,0.1-0.1,0.2-0.2,0.3C19.5,25.9,19.3,26,19,26c-0.3,0-0.5-0.1-0.7-0.3  c-0.1-0.1-0.2-0.2-0.2-0.3c0-0.1-0.1-0.3-0.1-0.4c0-0.3,0.1-0.5,0.3-0.7c0.4-0.4,1-0.4,1.4,0c0.2,0.2,0.3,0.4,0.3,0.7  C20,25.1,20,25.3,19.9,25.4z\"\/>\r\n<path d=\"M31.8,25.4L27,18.7V11c0-0.6-0.4-1-1-1s-1,0.4-1,1v6.4l-2-1V15c0,0,0-0.1,0-0.1c0,0,0,0,0-0.1L21.3,4.5  C21,3.1,19.8,2,18.3,2H13c-1.7,0-3,1.3-3,3v5H6V8c0-0.6-0.4-1-1-1S4,7.4,4,8v2.2c-1.2,0.4-2,1.5-2,2.8v4c0,1.7,1.3,3,3,3h15  c1.1,0,2.1-0.6,2.6-1.6l2.7,1.4l4.9,6.8c0.2,0.3,0.5,0.4,0.8,0.4c0.2,0,0.4-0.1,0.6-0.2C32,26.5,32.1,25.9,31.8,25.4z M11,16H7  c-0.6,0-1-0.4-1-1s0.4-1,1-1h4c0.6,0,1,0.4,1,1S11.6,16,11,16z M12,10.3V5c0-0.6,0.4-1,1-1h5.3c0.5,0,0.9,0.4,1,0.8l1.4,8.6L12,10.3  z\"\/>\r\n<\/svg>\n        \n        \n        \n            <\/div>\n    \n\n\n<\/div><div class=\"bde-div-1034-147 bde-div\">\n  \n  \n\t\n\n\n\n\n<\/div>\n<\/div>\n<\/div><div class=\"bde-div-1034-148 bde-div\">\n  \n  \n\t\n\n\n\n<div class=\"bde-div-1034-149 bde-div\">\n  \n  \n\t\n\n\n\n<div class=\"bde-icon-1034-150 bde-icon\">\n\n    \n            <div class=\"bde-icon-icon breakdance-icon-atom\" >\n    \n                    <svg xmlns=\"http:\/\/www.w3.org\/2000\/svg\" xmlns:xlink=\"http:\/\/www.w3.org\/1999\/xlink\" fill=\"#000000\" height=\"800px\" width=\"800px\" version=\"1.1\" id=\"Icons\" viewbox=\"0 0 32 32\" xml:space=\"preserve\">\r\n<path d=\"M31,25h-0.6l-7.7-8.7c-0.3-0.3-0.7-0.4-1.1-0.3C21.3,16.2,21,16.6,21,17h-2.2l-1.5-7.5c0-0.2-0.1-0.3-0.1-0.5H19  c0.6,0,1-0.4,1-1s-0.4-1-1-1h-4.7H12h-1c-1.7,0-3,1.3-3,3v3H4v-2c0-0.6-0.4-1-1-1s-1,0.4-1,1v2.2c-1.2,0.4-2,1.5-2,2.8v4  c0,0.5,0.1,1,0.3,1.4C0.1,21.9,0,22.4,0,23c0,2.2,1.8,4,4,4s4-1.8,4-4h4c0,2.2,1.8,4,4,4s4-1.8,4-4c0-1-0.4-2-1.1-2.7  c0-0.1,0.1-0.2,0.1-0.3v-1h2v3.6c0,1.2,0.5,2.3,1.3,3.1c0.8,0.8,1.9,1.3,3.1,1.3H30c0,0,0,0,0,0c0,0,0,0,0,0h1c0.6,0,1-0.4,1-1  S31.6,25,31,25z M14.3,9c0.5,0,0.9,0.4,1,0.9l1.3,6.4L13,14.7V9H14.3z M11,9v4.8l-1-0.4V10C10,9.4,10.4,9,11,9z M4,25  c-1.1,0-2-0.9-2-2s0.9-2,2-2s2,0.9,2,2S5.1,25,4,25z M16,25c-1.1,0-2-0.9-2-2s0.9-2,2-2s2,0.9,2,2S17.1,25,16,25z\"\/>\r\n<\/svg>\n        \n        \n        \n            <\/div>\n    \n\n\n<\/div><div class=\"bde-div-1034-151 bde-div\">\n  \n  \n\t\n\n\n\n\n<\/div>\n<\/div><div class=\"bde-div-1034-152 bde-div\" data-entrance=\"slideRight\">\n  \n  \n\t\n\n\n\n<h3 class=\"bde-heading-1034-153 bde-heading\">\nErweiterung der R\u00e4umlichkeiten\n<\/h3><div class=\"bde-text-1034-154 bde-text\">\n2006 a 2011\n<\/div><div class=\"bde-text-1034-155 bde-text\">\nZwischen 2006 und 2011 haben wir unseren Standort erweitert, wodurch wir unsere Produktions- und Servicekapazit\u00e4ten ausbauen konnten. Diese Erweiterung war der Schl\u00fcssel zur Unterst\u00fctzung unseres Wachstums und erm\u00f6glichte es uns, unsere Kunden besser zu bedienen.\n<\/div>\n<\/div>\n<\/div><div class=\"bde-div-1034-156 bde-div\">\n  \n  \n\t\n\n\n\n<div class=\"bde-div-1034-157 bde-div\" data-entrance=\"slideLeft\">\n  \n  \n\t\n\n\n\n<h3 class=\"bde-heading-1034-158 bde-heading\">\nWie geht es uns?\n<\/h3><div class=\"bde-text-1034-159 bde-text\">\n2024\n<\/div><div class=\"bde-text-1034-160 bde-text\">\nIm Jahr 2024 geht es uns sehr gut. Wir expandieren auf internationale M\u00e4rkte und haben einen neuen Eigent\u00fcmer, dessen hohe Erwartungen uns motivieren. Das Unternehmen floriert und erm\u00f6glicht es uns, unsere Ziele zu erreichen und neue Herausforderungen mit Optimismus und Innovation zu meistern.\n<\/div>\n<\/div><div class=\"bde-div-1034-161 bde-div\">\n  \n  \n\t\n\n\n\n<div class=\"bde-icon-1034-162 bde-icon\">\n\n    \n            <div class=\"bde-icon-icon breakdance-icon-atom\" >\n    \n                    <svg xmlns=\"http:\/\/www.w3.org\/2000\/svg\" xmlns:xlink=\"http:\/\/www.w3.org\/1999\/xlink\" fill=\"#000000\" height=\"800px\" width=\"800px\" version=\"1.1\" id=\"Layer_1\" viewbox=\"0 0 511.985 511.985\" xml:space=\"preserve\">\r\n<g>\r\n\t<g>\r\n\t\t<path d=\"M492.629,103.143l-102.409-25.6c-2.057-0.512-4.139-0.768-6.212-0.768c-6.707,0-13.244,2.637-18.099,7.501l-85.931,85.931    c-0.316-0.845-0.674-1.664-1.075-2.475l-25.6-51.2c-4.335-8.67-13.201-14.157-22.895-14.157H153.6c-14.14,0-25.6,11.46-25.6,25.6    v76.834H25.6c-14.14,0-25.6,11.46-25.6,25.6v51.2c0,14.14,11.46,25.6,25.6,25.6h102.409v25.6h-51.2    c-28.237,0-51.2,22.972-51.2,51.2c0,28.237,22.972,51.2,51.2,51.2h256.017c28.237,0,51.2-22.972,51.2-51.2    c0-28.237-22.972-51.2-51.2-51.2H230.417v-25.6h25.6c7.663,0,14.925-3.43,19.78-9.353l127.036-154.684l76.476,9.719    l-26.377,98.517l-59.409-13.687l6.554-23.654c1.903-6.81-2.099-13.867-8.9-15.753c-6.955-1.826-13.875,2.116-15.753,8.926    c0,0-22.639,67.038-13.978,88.832c4.173,10.547,12.279,18.5,23.373,22.989c16.205,6.554,30.003,9.822,41.626,9.822    c7.825,0,14.703-1.485,20.651-4.454c9.626-4.813,16.375-13.466,19.473-25.011l45.201-168.132    C513.434,118.486,505.301,106.309,492.629,103.143z M332.826,358.418c14.14,0,25.6,11.46,25.6,25.6s-11.46,25.6-25.6,25.6H76.809    c-14.14,0-25.6-11.46-25.6-25.6s11.46-25.6,25.6-25.6H332.826z M153.609,332.818v-25.6h51.2v25.6H153.609z M256.017,281.61H25.6    v-51.2h128.009h102.409V281.61z M256.017,204.801H153.609v-76.809h76.809l25.6,51.208V204.801z M441.839,292.814    c-1.527,5.777-4.104,7.697-6.153,8.73c-4.301,2.15-15.454,4.224-41.25-6.187c-4.651-1.886-7.552-4.642-9.173-8.661    c-2.85-7.117-1.425-16.862,0.623-24.44l60.425,13.918L441.839,292.814z M485.99,127.95l-93.961-11.947L281.626,250.437V204.81    l102.409-102.409l101.973,25.498L485.99,127.95z\"\/>\r\n\t<\/g>\r\n<\/g>\r\n<\/svg>\n        \n        \n        \n            <\/div>\n    \n\n\n<\/div><div class=\"bde-div-1034-163 bde-div\">\n  \n  \n\t\n\n\n\n\n<\/div>\n<\/div>\n<\/div><\/div>\n<\/section>","protected":false},"excerpt":{"rendered":"<p>Co d\u011bl\u00e1me? V NEKR SERVIS s.r.o. se zab\u00fdv\u00e1me v\u00fdrobou a v\u00fdvojem p\u0159\u00eddavn\u00fdch za\u0159\u00edzen\u00ed pro stavebn\u00ed stroje. Na\u0161e hlavn\u00ed produkty zahrnuj\u00ed hydraulick\u00e9 v\u00e1lce a specializovan\u00e9 lopaty pro bagry, p\u0159i\u010dem\u017e klademe velk\u00fd d\u016fraz na kvalitu a inovace. Na\u0161\u00edm c\u00edlem je poskytovat \u0159e\u0161en\u00ed, kter\u00e1 zvy\u0161uj\u00ed efektivitu a produktivitu na staveni\u0161t\u00edch a v r\u00e1mci stavebn\u00edho pr\u016fmyslu. Sna\u017e\u00edme se o [&hellip;]<\/p>","protected":false},"author":1,"featured_media":0,"parent":0,"menu_order":0,"comment_status":"closed","ping_status":"closed","template":"","meta":{"_acf_changed":false,"_breakdance_hide_in_design_set":false,"_breakdance_tags":"","footnotes":""},"class_list":["post-1034","page","type-page","status-publish","hentry"],"acf":[],"_links":{"self":[{"href":"https:\/\/nekr.cz\/de\/wp-json\/wp\/v2\/pages\/1034","targetHints":{"allow":["GET"]}}],"collection":[{"href":"https:\/\/nekr.cz\/de\/wp-json\/wp\/v2\/pages"}],"about":[{"href":"https:\/\/nekr.cz\/de\/wp-json\/wp\/v2\/types\/page"}],"author":[{"embeddable":true,"href":"https:\/\/nekr.cz\/de\/wp-json\/wp\/v2\/users\/1"}],"replies":[{"embeddable":true,"href":"https:\/\/nekr.cz\/de\/wp-json\/wp\/v2\/comments?post=1034"}],"version-history":[{"count":16,"href":"https:\/\/nekr.cz\/de\/wp-json\/wp\/v2\/pages\/1034\/revisions"}],"predecessor-version":[{"id":2940,"href":"https:\/\/nekr.cz\/de\/wp-json\/wp\/v2\/pages\/1034\/revisions\/2940"}],"wp:attachment":[{"href":"https:\/\/nekr.cz\/de\/wp-json\/wp\/v2\/media?parent=1034"}],"curies":[{"name":"wp","href":"https:\/\/api.w.org\/{rel}","templated":true}]}}